{"id":4581,"date":"2015-12-21T20:45:21","date_gmt":"2015-12-21T20:45:21","guid":{"rendered":"http:\/\/autokamp-vesna.com\/?page_id=4581"},"modified":"2016-03-18T06:48:04","modified_gmt":"2016-03-18T06:48:04","slug":"about-paklenica","status":"publish","type":"page","link":"https:\/\/autokamp-vesna.com\/de\/about-paklenica\/","title":{"rendered":"\u00dcber Paklenica"},"content":{"rendered":"<div id=\"pl-4581\"  class=\"panel-layout\" ><div id=\"pg-4581-0\"  class=\"panel-grid panel-no-style\" ><div id=\"pgc-4581-0-0\"  class=\"panel-grid-cell\" ><div id=\"panel-4581-0-0-0\" class=\"so-panel widget widget_black-studio-tinymce widget_black_studio_tinymce panel-first-child panel-last-child\" data-index=\"0\" ><div class=\"textwidget\"><p style=\"text-align: center;\"><span class=\"paklenica-naslov\">Riviera Paklenica<\/span><\/p>\n<\/div><\/div><\/div><\/div><div id=\"pg-4581-1\"  class=\"panel-grid panel-no-style\" ><div id=\"pgc-4581-1-0\"  class=\"panel-grid-cell\" ><div id=\"panel-4581-1-0-0\" class=\"so-panel widget widget_black-studio-tinymce widget_black_studio_tinymce panel-first-child panel-last-child\" data-index=\"1\" ><div class=\"textwidget\"><p style=\"text-align: justify;\"><span class=\"paklenica-tekst1\">Das K\u00fcstengebiet von Paklenica begeistert mit dem unglaublichen Durchweben von verschiedenen Landschaften, die im Nu vor den Augen des Beobachters einander abwechseln. Die felsige K\u00fcste, geschm\u00fcckt mit romantischen Buchten, wird hastig in den prachtvollen Kiesstrand verwandelt. Die Meeresbl\u00e4ue verwechseln im Augenblick die gr\u00fcnen W\u00e4lder und die Berggipfel. Auf nur einige Fu\u00dfminuten von den neuen Ortszentren trotzen noch der Zeit die alten D\u00f6rfer, deren Steinmauern die Spuren der Vergangenheit bewahren... Die Riviera von Paklenica liegt im h\u00f6chsten nordwestlichen Teil von Dalmatien und geh\u00f6rt zu Zadarer Region. Sanft gelegt entlang von zwanzig Kilometern der Meeresk\u00fcste im Fu\u00dfe von gro\u00dfartigem Velebit, verbindet die Riviera von Paklenica den Berg und das Meer, das mittelmeere mit dem Bergklima, die Tradition mit dem Heute. <\/span><\/p>\n<\/div><\/div><\/div><div id=\"pgc-4581-1-1\"  class=\"panel-grid-cell\" ><div id=\"panel-4581-1-1-0\" class=\"so-panel widget widget_black-studio-tinymce widget_black_studio_tinymce panel-first-child panel-last-child\" data-index=\"2\" ><div class=\"textwidget\"><p><img class=\"aligncenter wp-image-4988 size-full\" src=\"http:\/\/autokamp-vesna.com\/wp-content\/uploads\/2015\/12\/DSC_3546.jpg\" alt=\"DSC_3546\" width=\"819\" height=\"547\" \/><\/p>\n<\/div><\/div><\/div><\/div><div id=\"pg-4581-2\"  class=\"panel-grid panel-no-style\" ><div id=\"pgc-4581-2-0\"  class=\"panel-grid-cell\" ><div id=\"panel-4581-2-0-0\" class=\"so-panel widget widget_black-studio-tinymce widget_black_studio_tinymce panel-first-child panel-last-child\" data-index=\"3\" ><div class=\"textwidget\"><p><img class=\"aligncenter wp-image-4990 size-full\" src=\"http:\/\/autokamp-vesna.com\/wp-content\/uploads\/2015\/12\/zorin-kuk-059.jpg\" alt=\"zorin-kuk-059\" width=\"819\" height=\"546\" \/><\/p>\n<\/div><\/div><\/div><div id=\"pgc-4581-2-1\"  class=\"panel-grid-cell\" ><div id=\"panel-4581-2-1-0\" class=\"so-panel widget widget_black-studio-tinymce widget_black_studio_tinymce panel-first-child panel-last-child\" data-index=\"4\" ><div class=\"textwidget\"><p style=\"text-align: justify;\"><span class=\"paklenica-tekst1\">Starigrad ist das Zentrum von der Riviera von Paklenica. Heute ist Strigrad der lebendige Touristenort, mit etwas mehr als tausend Einwohner, die ihre traditionelle Art und Weise des Lebens auf den Bergh\u00e4ngen von Velebit vor einem halben Jahrhundert mit dem Leben am Meer verwechselt haben.<br \/>\nWegen der N\u00e4he und der Zug\u00e4nglichkeit des Berges, besonders wegen der attraktiven Schlucht Velika Paklenica, ist Starigrad nicht nur der angenehme Urlaubsort, sondern auch der traditionelle Versammlungsort von Bergsteigern und Alpinisten, von Abenteurern und Wissenschaftlern, wie auch von allen Liebhabern der Natur, die hierher kommen, um die Sch\u00f6nheiten von Paklenica und Velebit zu genie\u00dfen.<\/span><\/p>\n<\/div><\/div><\/div><\/div><div id=\"pg-4581-3\"  class=\"panel-grid panel-no-style\" ><div id=\"pgc-4581-3-0\"  class=\"panel-grid-cell\" ><div id=\"panel-4581-3-0-0\" class=\"so-panel widget widget_black-studio-tinymce widget_black_studio_tinymce panel-first-child panel-last-child\" data-index=\"5\" ><div class=\"textwidget\"><p style=\"text-align: justify;\"><span class=\"paklenica-tekst1\">Der Nationalpark Paklenica umfasst das Gebiet von den eindrucksvollen Schluchten Velika und Mala Paklenica ( Gro\u00dfes und Kleines Paklenica ), senkrecht eingeschnitten in die s\u00fcdlichen Bergabh\u00e4nge des Bergs Velebit. Geschaffen vom Karst, Paklenica hat \u00dcberflu\u00df an \" Steinskulpturen\", die mit Wald bedeckten Bergschluchten und Bergwiesen auswechseln. In Busen versteckt Paklenica den prunkvollen unterirdischen Raum der Sch\u00f6nheit, den am besten die Grotte - Manita pe\u0107- hervorzaubert.<br \/>\nAlle Sch\u00f6nheiten von Paklenica ist m\u00f6glich ausschlie\u00dflich zu Fu\u00df zu erleben und eben dazu dient \u00fcber 150 km von geordneten Bergpfaden. Die besondere Anmut verschenkt diesem Raum die N\u00e4he der K\u00fcste, was Ihnen erm\u00f6glicht, alle Zauber vom Berg und Meer an Ort und Stelle zu erleben.<\/span><\/p>\n<\/div><\/div><\/div><div id=\"pgc-4581-3-1\"  class=\"panel-grid-cell\" ><div id=\"panel-4581-3-1-0\" class=\"so-panel widget widget_black-studio-tinymce widget_black_studio_tinymce panel-first-child panel-last-child\" data-index=\"6\" ><div class=\"textwidget\"><p><img class=\"aligncenter size-full wp-image-4612\" src=\"http:\/\/autokamp-vesna.com\/wp-content\/uploads\/2015\/12\/starigrad-4-e1450741452943.jpg\" alt=\"Seline Strand\" width=\"819\" height=\"546\" \/><\/p>\n<\/div><\/div><\/div><\/div><div id=\"pg-4581-4\"  class=\"panel-grid panel-no-style\" ><div id=\"pgc-4581-4-0\"  class=\"panel-grid-cell\" ><div id=\"panel-4581-4-0-0\" class=\"so-panel widget widget_black-studio-tinymce widget_black_studio_tinymce panel-first-child panel-last-child\" data-index=\"7\" ><div class=\"textwidget\"><p><img class=\"aligncenter wp-image-123 size-full\" src=\"http:\/\/autokamp-vesna.com\/wp-content\/uploads\/2015\/12\/rovanjska-zalazak-e1450916442546.jpg\" alt=\"rovanjska zalazak\" width=\"818\" height=\"407\" \/><\/p>\n<\/div><\/div><\/div><div id=\"pgc-4581-4-1\"  class=\"panel-grid-cell\" ><div id=\"panel-4581-4-1-0\" class=\"so-panel widget widget_black-studio-tinymce widget_black_studio_tinymce panel-first-child panel-last-child\" data-index=\"8\" ><div class=\"textwidget\"><p style=\"text-align: justify;\"><span class=\"paklenica-tekst1\">W\u00e4hrend Sie das kristalklare Meer genie\u00dfen, bleibt Ihr Blick an prachtvollen Schluchten Velika und Mala Paklenica stehen, die tief im Berg Velebit \u00fcber Sie eingeschnitten sind und Sie vermuten nicht, dass eben sie verdienstvoll sind f\u00fcr die \u00fcberraschende Pracht von den Naturkiesstr\u00e4nden am K\u00fcstengebiet Paklenica. Aber auch die romantischen Seelen, begierig auf die versteckten Steinbuchten, sind hier auch nicht vorenthalten, denn der nordwestliche Teil der Riviera hat eben sie in H\u00fclle und F\u00fclle.<\/span><\/p>\n<\/div><\/div><\/div><\/div><div id=\"pg-4581-5\"  class=\"panel-grid panel-no-style\" ><div id=\"pgc-4581-5-0\"  class=\"panel-grid-cell\" ><div id=\"panel-4581-5-0-0\" class=\"so-panel widget widget_black-studio-tinymce widget_black_studio_tinymce panel-first-child panel-last-child\" data-index=\"9\" ><div class=\"textwidget\"><p style=\"text-align: left;\"><span class=\"preuzeti-tekst\">Text von www.rivijera-paklenica.hr<\/span><\/p>\n<\/div><\/div><\/div><\/div><\/div>","protected":false},"excerpt":{"rendered":"<p>Riviera Paklenica Das K\u00fcstengebiet von Paklenica begeistert mit dem unglaublichen Durchweben von verschiedenen Landschaften, die im Nu vor den Augen des Beobachters einander abwechseln. Die felsige K\u00fcste, geschm\u00fcckt mit romantischen Buchten, wird hastig in den prachtvollen Kiesstrand verwandelt. Die Meeresbl\u00e4ue verwechseln im Augenblick die gr\u00fcnen W\u00e4lder und die Berggipfel. Auf nur einige Fu\u00dfminuten von den&#8230;<\/p>\n","protected":false},"author":2,"featured_media":0,"parent":0,"menu_order":0,"comment_status":"closed","ping_status":"closed","template":"full-width-page.php","meta":[],"_links":{"self":[{"href":"https:\/\/autokamp-vesna.com\/de\/wp-json\/wp\/v2\/pages\/4581"}],"collection":[{"href":"https:\/\/autokamp-vesna.com\/de\/wp-json\/wp\/v2\/pages"}],"about":[{"href":"https:\/\/autokamp-vesna.com\/de\/wp-json\/wp\/v2\/types\/page"}],"author":[{"embeddable":true,"href":"https:\/\/autokamp-vesna.com\/de\/wp-json\/wp\/v2\/users\/2"}],"replies":[{"embeddable":true,"href":"https:\/\/autokamp-vesna.com\/de\/wp-json\/wp\/v2\/comments?post=4581"}],"version-history":[{"count":32,"href":"https:\/\/autokamp-vesna.com\/de\/wp-json\/wp\/v2\/pages\/4581\/revisions"}],"predecessor-version":[{"id":5042,"href":"https:\/\/autokamp-vesna.com\/de\/wp-json\/wp\/v2\/pages\/4581\/revisions\/5042"}],"wp:attachment":[{"href":"https:\/\/autokamp-vesna.com\/de\/wp-json\/wp\/v2\/media?parent=4581"}],"curies":[{"name":"wp","href":"https:\/\/api.w.org\/{rel}","templated":true}]}}