{"id":4581,"date":"2015-12-21T20:45:21","date_gmt":"2015-12-21T20:45:21","guid":{"rendered":"http:\/\/autokamp-vesna.com\/?page_id=4581"},"modified":"2016-03-18T06:48:04","modified_gmt":"2016-03-18T06:48:04","slug":"about-paklenica","status":"publish","type":"page","link":"https:\/\/autokamp-vesna.com\/hr\/about-paklenica\/","title":{"rendered":"Rivijera Paklenica"},"content":{"rendered":"<div id=\"pl-4581\"  class=\"panel-layout\" ><div id=\"pg-4581-0\"  class=\"panel-grid panel-no-style\" ><div id=\"pgc-4581-0-0\"  class=\"panel-grid-cell\" ><div id=\"panel-4581-0-0-0\" class=\"so-panel widget widget_black-studio-tinymce widget_black_studio_tinymce panel-first-child panel-last-child\" data-index=\"0\" ><div class=\"textwidget\"><p style=\"text-align: center;\"><span class=\"paklenica-naslov\">Rivijera Paklenica<\/span><\/p>\n<\/div><\/div><\/div><\/div><div id=\"pg-4581-1\"  class=\"panel-grid panel-no-style\" ><div id=\"pgc-4581-1-0\"  class=\"panel-grid-cell\" ><div id=\"panel-4581-1-0-0\" class=\"so-panel widget widget_black-studio-tinymce widget_black_studio_tinymce panel-first-child panel-last-child\" data-index=\"1\" ><div class=\"textwidget\"><p style=\"text-align: justify;\"><span class=\"paklenica-tekst1\">Rivijera Paklenica odus\u030cevljava nevjerojatnim proz\u030cimanjem razlic\u030citih pejzaz\u030ca koji se u trenu smjenjuju pred okom promatrac\u030ca. Stjenovita obala ukras\u030cena romantic\u030cnim uvalama naglo se pretvara u raskos\u030cno s\u030cljunkovito z\u030calo. Morsko plavetnilo u c\u030casu zamjenjuju zelene s\u030cume i planinski vrhunci. Na samo nekoliko minuta hoda od novih sredis\u030cta mjesta vremenu jos\u030c uvijek prkose stara sela c\u030ciji kameni zidovi c\u030cuvaju tragove pros\u030closti... Smjes\u030ctena na krajnjem sjeverozapadnom dijelu Dalmacije, ova rivijera pripada Zadarskoj regiji. Njez\u030cno poloz\u030cena duz\u030c dvadesetak kilometara morske obale, u podnoz\u030cju velic\u030canstvenog Velebita, Rivijera Paklenica spaja planinu i more, mediteransku s planinskom klimom, tradiciju s danas\u030cnjicom.<\/span><\/p>\n<\/div><\/div><\/div><div id=\"pgc-4581-1-1\"  class=\"panel-grid-cell\" ><div id=\"panel-4581-1-1-0\" class=\"so-panel widget widget_black-studio-tinymce widget_black_studio_tinymce panel-first-child panel-last-child\" data-index=\"2\" ><div class=\"textwidget\"><p><img class=\"aligncenter wp-image-4988 size-full\" src=\"http:\/\/autokamp-vesna.com\/wp-content\/uploads\/2015\/12\/DSC_3546.jpg\" alt=\"DSC_3546\" width=\"819\" height=\"547\" \/><\/p>\n<\/div><\/div><\/div><\/div><div id=\"pg-4581-2\"  class=\"panel-grid panel-no-style\" ><div id=\"pgc-4581-2-0\"  class=\"panel-grid-cell\" ><div id=\"panel-4581-2-0-0\" class=\"so-panel widget widget_black-studio-tinymce widget_black_studio_tinymce panel-first-child panel-last-child\" data-index=\"3\" ><div class=\"textwidget\"><p><img class=\"aligncenter wp-image-4990 size-full\" src=\"http:\/\/autokamp-vesna.com\/wp-content\/uploads\/2015\/12\/zorin-kuk-059.jpg\" alt=\"zorin-kuk-059\" width=\"819\" height=\"546\" \/><\/p>\n<\/div><\/div><\/div><div id=\"pgc-4581-2-1\"  class=\"panel-grid-cell\" ><div id=\"panel-4581-2-1-0\" class=\"so-panel widget widget_black-studio-tinymce widget_black_studio_tinymce panel-first-child panel-last-child\" data-index=\"4\" ><div class=\"textwidget\"><p style=\"text-align: justify;\"><span class=\"paklenica-tekst1\">Starigrad Paklenica je sredi\u0161te Pakleni\u010dke rivijere koji je nastao na temeljima drevnog anti\u010dkog grada Argyruntuma. Danas je to \u017eivahno turisti\u010dko mjesto s ne\u0161to vi\u0161e od tisu\u0107u stanovnika koji su svoj tradicionalni na\u010din \u017eivota na obroncima Velebita prije pola stolje\u0107a zamijenili \u017eivotom uz more.<br \/>\nZbog blizine i dostupnosti planine, posebice atraktivnog kanjona Velika Paklenica, Starigrad nije samo ugodno ljetovali\u0161te, ve\u0107 i tradicionalno okupljali\u0161te planinara i alpinista, pustolova i znanstvenika te svih ljubitelja prirode koji dolaze u\u017eivati u ljepotama Paklenice i Velebita.<\/span><\/p>\n<\/div><\/div><\/div><\/div><div id=\"pg-4581-3\"  class=\"panel-grid panel-no-style\" ><div id=\"pgc-4581-3-0\"  class=\"panel-grid-cell\" ><div id=\"panel-4581-3-0-0\" class=\"so-panel widget widget_black-studio-tinymce widget_black_studio_tinymce panel-first-child panel-last-child\" data-index=\"5\" ><div class=\"textwidget\"><p style=\"text-align: justify;\"><span class=\"paklenica-tekst1\">Paklenica je i poznato europsko penja\u010dko sredi\u0161te. Penjali\u0161te se nalazi na samom ulazu u kanjon Velike Paklenice gdje se stijene uzdi\u017eu i do 400m visine. Penjali\u0161te raspola\u017ee s gotovo 400 penja\u010dkih smjerova razli\u010ditih te\u017eina i du\u017eina, a sezona penjanja u Paklenici traje od ranog prolje\u0107a do kasne jeseni.<br \/>\nSve ljepote Paklenice mogu\u0107e je do\u017eivjeti jedino pje\u0161a\u010denjem, a upravo tome slu\u017ei preko 150 km ure\u0111enih planinarskih staza. Posebnu dra\u017e ovom prostoru daje blizina obale koja omogu\u0107uje jedinstven do\u017eivljaj svih \u010dari planine i mora na jednom mjestu.<br \/>\n<\/span><\/p>\n<\/div><\/div><\/div><div id=\"pgc-4581-3-1\"  class=\"panel-grid-cell\" ><div id=\"panel-4581-3-1-0\" class=\"so-panel widget widget_black-studio-tinymce widget_black_studio_tinymce panel-first-child panel-last-child\" data-index=\"6\" ><div class=\"textwidget\"><p><img class=\"aligncenter size-full wp-image-4612\" src=\"http:\/\/autokamp-vesna.com\/wp-content\/uploads\/2015\/12\/starigrad-4-e1450741452943.jpg\" alt=\"Pla\u017ea Seline\" width=\"819\" height=\"546\" \/><\/p>\n<\/div><\/div><\/div><\/div><div id=\"pg-4581-4\"  class=\"panel-grid panel-no-style\" ><div id=\"pgc-4581-4-0\"  class=\"panel-grid-cell\" ><div id=\"panel-4581-4-0-0\" class=\"so-panel widget widget_black-studio-tinymce widget_black_studio_tinymce panel-first-child panel-last-child\" data-index=\"7\" ><div class=\"textwidget\"><p><img class=\"aligncenter wp-image-123 size-full\" src=\"http:\/\/autokamp-vesna.com\/wp-content\/uploads\/2015\/12\/rovanjska-zalazak-e1450916442546.jpg\" alt=\"rovanjska zalazak\" width=\"818\" height=\"407\" \/><\/p>\n<\/div><\/div><\/div><div id=\"pgc-4581-4-1\"  class=\"panel-grid-cell\" ><div id=\"panel-4581-4-1-0\" class=\"so-panel widget widget_black-studio-tinymce widget_black_studio_tinymce panel-first-child panel-last-child\" data-index=\"8\" ><div class=\"textwidget\"><p style=\"text-align: justify;\"><span class=\"paklenica-tekst1\">Dok u\u017eivate u kristalno \u010distom moru, pogled Vam zastaje na veli\u010danstvenim kanjonima Velika i Mala Paklenica duboko usje\u010denima u planinu Velebit iznad Vas. I ne slutite da su upravo oni zaslu\u017eni za iznena\u0111uju\u0107u rasko\u0161 prirodnih \u0161ljunkovitih pla\u017ea na Rivijeri Paklenica. Ali, ni romanti\u010dne du\u0161e \u017eeljne skrivenih, stjenovitih uvala ne\u0107e ovdje biti zakinute jer sjeverozapadni dio Rivijere obiluje upravo njima.<\/span><\/p>\n<\/div><\/div><\/div><\/div><div id=\"pg-4581-5\"  class=\"panel-grid panel-no-style\" ><div id=\"pgc-4581-5-0\"  class=\"panel-grid-cell\" ><div id=\"panel-4581-5-0-0\" class=\"so-panel widget widget_black-studio-tinymce widget_black_studio_tinymce panel-first-child panel-last-child\" data-index=\"9\" ><div class=\"textwidget\"><p style=\"text-align: left;\"><span class=\"preuzeti-tekst\">Tekst preuzet sa www.rivijera-paklenica.hr<\/span><\/p>\n<\/div><\/div><\/div><\/div><\/div>","protected":false},"excerpt":{"rendered":"<p>Rivijera Paklenica Rivijera Paklenica odus\u030cevljava nevjerojatnim proz\u030cimanjem razlic\u030citih pejzaz\u030ca koji se u trenu smjenjuju pred okom promatrac\u030ca. Stjenovita obala ukras\u030cena romantic\u030cnim uvalama naglo se pretvara u raskos\u030cno s\u030cljunkovito z\u030calo. Morsko plavetnilo u c\u030casu zamjenjuju zelene s\u030cume i planinski vrhunci. Na samo nekoliko minuta hoda od novih sredis\u030cta mjesta vremenu jos\u030c uvijek prkose stara sela c\u030ciji&#8230;<\/p>\n","protected":false},"author":2,"featured_media":0,"parent":0,"menu_order":0,"comment_status":"closed","ping_status":"closed","template":"full-width-page.php","meta":[],"_links":{"self":[{"href":"https:\/\/autokamp-vesna.com\/hr\/wp-json\/wp\/v2\/pages\/4581"}],"collection":[{"href":"https:\/\/autokamp-vesna.com\/hr\/wp-json\/wp\/v2\/pages"}],"about":[{"href":"https:\/\/autokamp-vesna.com\/hr\/wp-json\/wp\/v2\/types\/page"}],"author":[{"embeddable":true,"href":"https:\/\/autokamp-vesna.com\/hr\/wp-json\/wp\/v2\/users\/2"}],"replies":[{"embeddable":true,"href":"https:\/\/autokamp-vesna.com\/hr\/wp-json\/wp\/v2\/comments?post=4581"}],"version-history":[{"count":32,"href":"https:\/\/autokamp-vesna.com\/hr\/wp-json\/wp\/v2\/pages\/4581\/revisions"}],"predecessor-version":[{"id":5042,"href":"https:\/\/autokamp-vesna.com\/hr\/wp-json\/wp\/v2\/pages\/4581\/revisions\/5042"}],"wp:attachment":[{"href":"https:\/\/autokamp-vesna.com\/hr\/wp-json\/wp\/v2\/media?parent=4581"}],"curies":[{"name":"wp","href":"https:\/\/api.w.org\/{rel}","templated":true}]}}